{"id":6151,"date":"2025-07-04T09:13:54","date_gmt":"2025-07-04T07:13:54","guid":{"rendered":"https:\/\/glovisadampol.com\/logowanie\/"},"modified":"2025-07-04T09:35:40","modified_gmt":"2025-07-04T07:35:40","slug":"prihlasenie","status":"publish","type":"page","link":"https:\/\/glovisadampol.com\/sk\/prihlasenie\/","title":{"rendered":"Prihl\u00e1senie"},"content":{"rendered":"\n<div class=\"tutor-wrap tutor-page-wrap post-6151 page type-page status-publish hentry\">\n\t<div class=\"tutor-template-segment tutor-login-wrap\">\n\t\t<div class=\"tutor-login-form-wrapper\">\n\t\t\t<div class=\"tutor-fs-5 tutor-color-black tutor-mb-32\">\n\t\t\t\tHi, Welcome back!\t\t\t<\/div>\n\t\t\t<form id=\"tutor-login-form\" method=\"post\">\n\t\t<input type=\"hidden\" id=\"_tutor_nonce\" name=\"_tutor_nonce\" value=\"95a9b250fe\" \/><input type=\"hidden\" name=\"_wp_http_referer\" value=\"\/sk\/wp-json\/wp\/v2\/pages\/6151\" \/>\t<input type=\"hidden\" name=\"tutor_action\" value=\"tutor_user_login\" \/>\n\t<input type=\"hidden\" name=\"redirect_to\" value=\"https:\/\/glovisadampol.com\/kokpit\/\" \/>\n\n\t<div class=\"tutor-mb-20\">\n\t\t<input type=\"text\" class=\"tutor-form-control\" placeholder=\"Prihlasovacie meno alebo e-mailov\u00e1 adresa\" name=\"log\" value=\"\" size=\"20\" required\/>\n\t<\/div>\n\n\t<div class=\"tutor-mb-32\">\n\t\t<input type=\"password\" class=\"tutor-form-control\" placeholder=\"Heslo\" name=\"pwd\" value=\"\" size=\"20\" required\/>\n\t<\/div>\n\n\t<div class=\"tutor-login-error\" role=\"alert\" aria-live=\"polite\"><\/div>\n\t\t\t<input type=\"hidden\" name=\"timezone\" value=\"Europe\/Warsaw\" \/>\n\t\t<script>\n\t\t\tdocument.addEventListener('DOMContentLoaded', function() {\n\t\t\t\tconst timezone = document.querySelector('input[name=\"timezone\"]');\n\t\t\t\tif ( timezone) {\n\t\t\t\t\tconst tz = Intl.DateTimeFormat().resolvedOptions().timeZone;\n\t\t\t\t\ttimezone.value = tz\n\t\t\t\t}\n\t\t\t});\n\t\t<\/script>\n\t\t\t<div class=\"tutor-d-flex tutor-justify-between tutor-align-center tutor-mb-40\">\n\t\t<div class=\"tutor-form-check\">\n\t\t\t<input id=\"tutor-login-agmnt-1\" type=\"checkbox\" class=\"tutor-form-check-input tutor-bg-black-40\" name=\"rememberme\" value=\"forever\" \/>\n\t\t\t<label for=\"tutor-login-agmnt-1\" class=\"tutor-fs-7 tutor-color-muted\">\n\t\t\t\tZapam\u00e4ta\u0165 si prihl\u00e1senie\t\t\t<\/label>\n\t\t<\/div>\n\t\t<a href=\"https:\/\/glovisadampol.com\/kokpit\/retrieve-password\" class=\"tutor-btn tutor-btn-ghost\">\n\t\t\tZabudli ste heslo?\t\t<\/a>\n\t<\/div>\n\n\t\t<button type=\"submit\" class=\"tutor-btn tutor-btn-primary tutor-btn-block\">\n\t\tPrihl\u00e1si\u0165 sa\t<\/button>\n\n\t\t\t\t\t<div class=\"tutor-text-center tutor-fs-6 tutor-color-secondary tutor-mt-20\">\n\t\t\tNem\u00e1te \u00fa\u010det?&nbsp;\n\t\t\t<a href=\"https:\/\/glovisadampol.com\/rejestracja\/?redirect_to=https:\/\/glovisadampol.com\/sk\/wp-json\/wp\/v2\/pages\/6151\" class=\"tutor-btn tutor-btn-link\">\n\t\t\t\tZaregistrujte sa\t\t\t<\/a>\n\t\t<\/div>\n\t\t<\/form>\n<script>\n\tdocument.addEventListener('DOMContentLoaded', function() {\n\t\tvar loginModal = document.querySelector('.tutor-modal.tutor-login-modal');\n\t\tvar errors = [];\n\t\tif (loginModal && errors.length) {\n\t\t\tloginModal.classList.add('tutor-is-active');\n\t\t}\n\t});\n<\/script>\n\t\t\t\t\t<\/div>\n\t\t\t\t<style>\n\t\t\t#tutor-pro-twitter-login {\n\t\t\t\twidth: 400px; background-color: #00acee; border-color: #00acee; font-weight: bold;\n\t\t\t}\n\t\t<\/style>\n\t\t<div id=\"tutor-pro-social-authentication\" class=\"tutor-pt-24 tutor-d-flex tutor-flex-column tutor-align-center tutor-border-top-light\" style=\"gap: 10px;\">\n\t\t\t\t\t\t\t\t<div class=\"tutor-d-flex tutor-justify-center\" id=\"tutor-pro-google-authentication\">\n\t\t\t\t\t\t\n\t\t\t\t\t\t\t\t\t\t\t<\/div>\n\t\t\t\t\t\t\t\t\t\t<div class=\"tutor-d-flex tutor-justify-center\" id=\"tutor-pro-facebook-authentication\">\n\t\t\t\t\t\t\t\t\t\t\t\t\t<div class=\"fb-login-button\" data-width=\"400px\" data-size=\"large\" data-button-type=\"\" data-layout=\"\" data-auto-logout-link=\"false\" data-use-continue-as=\"true\" scope=\"public_profile,email\" show-faces=\"false\" onlogin=\"checkLoginState();\"><\/div>\n\t\t\t\t\t\t\n\t\t\t\t\t\t\t\t\t\t\t<\/div>\n\t\t\t\t\t\t\t<\/div>\n\t\t\t<\/div>\n<\/div>\n\n","protected":false},"excerpt":{"rendered":"","protected":false},"author":1,"featured_media":0,"parent":0,"menu_order":0,"comment_status":"closed","ping_status":"closed","template":"","meta":{"footnotes":""},"class_list":["post-6151","page","type-page","status-publish","hentry"],"_links":{"self":[{"href":"https:\/\/glovisadampol.com\/sk\/wp-json\/wp\/v2\/pages\/6151","targetHints":{"allow":["GET"]}}],"collection":[{"href":"https:\/\/glovisadampol.com\/sk\/wp-json\/wp\/v2\/pages"}],"about":[{"href":"https:\/\/glovisadampol.com\/sk\/wp-json\/wp\/v2\/types\/page"}],"author":[{"embeddable":true,"href":"https:\/\/glovisadampol.com\/sk\/wp-json\/wp\/v2\/users\/1"}],"replies":[{"embeddable":true,"href":"https:\/\/glovisadampol.com\/sk\/wp-json\/wp\/v2\/comments?post=6151"}],"version-history":[{"count":2,"href":"https:\/\/glovisadampol.com\/sk\/wp-json\/wp\/v2\/pages\/6151\/revisions"}],"predecessor-version":[{"id":6186,"href":"https:\/\/glovisadampol.com\/sk\/wp-json\/wp\/v2\/pages\/6151\/revisions\/6186"}],"wp:attachment":[{"href":"https:\/\/glovisadampol.com\/sk\/wp-json\/wp\/v2\/media?parent=6151"}],"curies":[{"name":"wp","href":"https:\/\/api.w.org\/{rel}","templated":true}]}}