{"id":1672,"date":"2025-03-10T11:27:50","date_gmt":"2025-03-10T10:27:50","guid":{"rendered":"https:\/\/glovisadampol.com\/start\/"},"modified":"2025-05-22T14:48:15","modified_gmt":"2025-05-22T12:48:15","slug":"start","status":"publish","type":"page","link":"https:\/\/glovisadampol.com\/lv\/","title":{"rendered":"Start"},"content":{"rendered":"<div>\n<h1>Autovad\u012bt\u0101ju apm\u0101c\u012bba<\/h1>\n<div>Visaptvero\u0161as p\u0101rvad\u0101\u0161anas apm\u0101c\u012bbas <br \/>uz\u0146\u0113mumiem, kas sadarbojas ar Adampol SA<\/div>\n<p><a href=\"https:\/\/glovisadampol.com\/lv\/courses\/hyundai-iekrausanas-laukuma-nosovice-un-kia-iekrausanas-laukuma-zilina-drosibas-noteikumi\/\">Apm\u0101c\u012bbu katalogs<\/a><\/p>\n<\/div>\n<h2>Adampol<\/h2>\n<h3>Atra\u0161an\u0101s vietas<\/h3>\n<ul>\n<li>\n<p>        <img decoding=\"async\" src=\"\/wp-content\/uploads\/2025\/03\/4931669.jpg\" alt=\"\"><\/p>\n<\/li>\n<li>\n<p>        <img decoding=\"async\" src=\"\/wp-content\/uploads\/2025\/03\/kia_zylina_1-1764.jpg\" alt=\"\"><\/p>\n<\/li>\n<\/ul>\n<p><img decoding=\"async\" src=\"\/wp-content\/uploads\/2025\/03\/dots-3.svg\" alt=\"\"><\/p>\n<p><p>\n        <a href=\"https:\/\/glovisadampol.com\/lv\/courses\/hyundai-iekrausanas-laukuma-nosovice-un-kia-iekrausanas-laukuma-zilina-drosibas-noteikumi\/\">Visas atra\u0161an\u0101s vietas<\/a>\n    <\/p>\n<\/p>\n<h2>ADAMPOL<\/h2>\n<h3>Pieejam\u0101s apm\u0101c\u012bbas un kursi<\/h3>\n<div>\n<\/div>\n<h4>Automa\u0161\u012bnu transport\u0113\u0161ana ir sare\u017e\u0123\u012bts process. Neapm\u0101c\u012bts autovad\u012bt\u0101js jau pa\u0161\u0101 s\u0101kum\u0101 rada probl\u0113mas un lielas izmaksas.<\/h4>\n<p><p>\n        <a href=\"https:\/\/glovisadampol.com\/lv\/courses\/hyundai-iekrausanas-laukuma-nosovice-un-kia-iekrausanas-laukuma-zilina-drosibas-noteikumi\/\">Visi kursi<\/a>\n    <\/p>\n<\/p>\n<p><!--more--><br \/>\n<!-- {\"type\":\"layout\",\"children\":[{\"type\":\"section\",\"props\":{\"header_transparent\":true,\"header_transparent_noplaceholder\":true,\"header_transparent_text_color\":\"light\",\"height\":\"viewport\",\"id\":\"slider-adampol\",\"image\":\"wp-content\\\/uploads\\\/2025\\\/03\\\/autotransporter-na-plasu-szkoleniowym.jpg\",\"image_effect\":\"parallax\",\"image_parallax_bgy\":\"80\",\"image_parallax_easing\":\"-0.5\",\"image_position\":\"center-center\",\"image_size\":\"cover\",\"media_focal_point\":\"bottom-center\",\"media_overlay_gradient\":\"linear-gradient(0deg, rgba(39,48,74,1) 5%, rgba(39,48,74,0.16148466222426472) 72%, rgba(39,48,74,0.07745104877888653) 100%)\",\"overlap\":false,\"padding\":\"none\",\"padding_remove_bottom\":true,\"padding_remove_top\":true,\"preserve_color\":false,\"style\":\"primary\",\"title_breakpoint\":\"xl\",\"title_position\":\"top-left\",\"title_rotation\":\"left\",\"vertical_align\":\"middle\",\"width\":\"large\"},\"children\":[{\"type\":\"row\",\"children\":[{\"type\":\"column\",\"props\":{\"image_position\":\"center-center\",\"position_sticky_breakpoint\":\"m\"},\"children\":[{\"type\":\"panel\",\"props\":{\"block_align\":\"center\",\"content\":\"Visaptvero\\u0161as p\\u0101rvad\\u0101\\u0161anas apm\\u0101c\\u012bbas <br \/>uz\\u0146\\u0113mumiem, kas sadarbojas ar Adampol SA\",\"content_align\":false,\"content_column_breakpoint\":\"m\",\"content_margin\":\"small\",\"height_expand\":false,\"icon_width\":80,\"image_align\":\"top\",\"image_grid_breakpoint\":\"m\",\"image_grid_width\":\"1-2\",\"image_svg_color\":\"emphasis\",\"link\":\"\\\/lv\\\/courses\\\/hyundai-iekrausanas-laukuma-nosovice-un-kia-iekrausanas-laukuma-zilina-drosibas-noteikumi\\\/\",\"link_style\":\"secondary\",\"link_text\":\"Apm\\u0101c\\u012bbu katalogs\",\"margin\":\"default\",\"maxwidth\":\"2xlarge\",\"maxwidth_breakpoint\":\"s\",\"meta\":\"\",\"meta_align\":\"above-title\",\"meta_element\":\"h2\",\"meta_style\":\"h5\",\"panel_link\":true,\"text_align\":\"center\",\"title\":\"Autovad\\u012bt\\u0101ju apm\\u0101c\\u012bba\",\"title_align\":\"top\",\"title_element\":\"h1\",\"title_grid_breakpoint\":\"m\",\"title_grid_width\":\"1-2\",\"title_hover_style\":\"\",\"title_link\":true,\"title_margin\":\"small\",\"title_style\":\"heading-large\"}}]}],\"props\":{\"column_gap\":\"collapse\",\"margin\":\"remove-vertical\",\"row_gap\":\"collapse\"}}],\"name\":\"slider\"},{\"type\":\"section\",\"props\":{\"animation\":\"slide-bottom-medium\",\"animation_delay\":\"130\",\"image_parallax_bgy\":\"25vh\",\"image_position\":\"top-right\",\"style\":\"primary\",\"title_breakpoint\":\"xl\",\"title_position\":\"top-left\",\"title_rotation\":\"left\",\"vertical_align\":\"middle\",\"width\":\"large\"},\"children\":[{\"type\":\"row\",\"children\":[{\"type\":\"column\",\"props\":{\"image_position\":\"center-center\",\"padding\":\"none\",\"position_sticky_breakpoint\":\"m\"},\"children\":[{\"type\":\"headline\",\"props\":{\"content\":\"Adampol\",\"margin\":\"small\",\"title_color\":\"primary\",\"title_element\":\"h2\",\"title_style\":\"h5\"},\"name\":\"sub-head\"},{\"type\":\"headline\",\"props\":{\"content\":\"Atra\\u0161an\\u0101s vietas\",\"margin\":\"small\",\"title_element\":\"h3\",\"title_style\":\"heading-medium\"},\"name\":\"heading-medium\"}]}]},{\"type\":\"row\",\"children\":[{\"type\":\"column\",\"props\":{\"image_position\":\"center-center\",\"position_sticky_breakpoint\":\"m\"},\"children\":[{\"type\":\"gallery\",\"props\":{\"filter_align\":\"left\",\"filter_all\":true,\"filter_grid_breakpoint\":\"m\",\"filter_grid_width\":\"auto\",\"filter_position\":\"top\",\"filter_style\":\"tab\",\"grid_default\":\"1\",\"grid_medium\":\"3\",\"image_border\":\"rounded\",\"image_height\":600,\"image_width\":800,\"item_animation\":true,\"lightbox_bg_close\":true,\"link_style\":\"default\",\"link_text\":\"\",\"margin\":\"default\",\"meta_align\":\"below-title\",\"meta_element\":\"div\",\"meta_style\":\"text-meta\",\"overlay_hover\":true,\"overlay_link\":true,\"overlay_mode\":\"cover\",\"overlay_position\":\"bottom-left\",\"overlay_style\":\"overlay-primary\",\"overlay_transition\":\"fade\",\"overlay_transition_background\":true,\"show_content\":true,\"show_hover_image\":true,\"show_hover_video\":true,\"show_link\":true,\"show_meta\":true,\"show_title\":true,\"text_align\":\"center\",\"text_color\":\"light\",\"title_element\":\"h3\",\"title_hover_style\":\"reset\"},\"children\":[{\"type\":\"gallery_item\",\"props\":{\"image\":\"wp-content\\\/uploads\\\/2025\\\/03\\\/4931669.jpg\",\"media_overlay\":\"rgba(0, 0, 0, 0.28)\"},\"source\":{\"query\":{\"name\":\"courseCategorys.customCourseCategory\",\"arguments\":{\"id\":4}},\"props\":{\"title\":{\"name\":\"name\"},\"link\":{\"name\":\"link\"}}}},{\"type\":\"gallery_item\",\"props\":{\"image\":\"wp-content\\\/uploads\\\/2025\\\/03\\\/kia_zylina_1-1764.jpg\",\"media_overlay\":\"rgba(0, 0, 0, 0.25)\"},\"source\":{\"query\":{\"name\":\"courseCategorys.customCourseCategory\",\"arguments\":{\"id\":3}},\"props\":{\"title\":{\"name\":\"name\"},\"link\":{\"name\":\"link\"}}}}]},{\"type\":\"image\",\"props\":{\"css\":\".el-element { width:214px;}\",\"image\":\"wp-content\\\/uploads\\\/2025\\\/03\\\/dots-3.svg\",\"image_svg_color\":\"emphasis\",\"margin\":\"default\",\"position\":\"absolute\",\"position_right\":\"-100px\",\"position_top\":\"-100px\"},\"name\":\"Niebieskie kropki\"}]}]},{\"type\":\"row\",\"children\":[{\"type\":\"column\",\"props\":{\"image_position\":\"center-center\",\"position_sticky_breakpoint\":\"m\"},\"children\":[{\"type\":\"button\",\"props\":{\"button_size\":\"large\",\"grid_column_gap\":\"small\",\"grid_row_gap\":\"small\",\"margin\":\"default\",\"text_align\":\"center\",\"text_align_breakpoint\":\"m\",\"text_align_fallback\":\"center\"},\"children\":[{\"type\":\"button_item\",\"props\":{\"button_style\":\"secondary\",\"content\":\"Visas atra\\u0161an\\u0101s vietas\",\"dialog_layout\":\"modal\",\"dialog_offcanvas_flip\":true,\"icon\":\"arrow-right\",\"icon_align\":\"right\",\"link\":\"\\\/lv\\\/courses\\\/hyundai-iekrausanas-laukuma-nosovice-un-kia-iekrausanas-laukuma-zilina-drosibas-noteikumi\\\/\"}}]}]}]}]},{\"type\":\"section\",\"props\":{\"animation\":\"slide-bottom-medium\",\"animation_delay\":\"130\",\"image_position\":\"center-center\",\"style\":\"muted\",\"title_breakpoint\":\"xl\",\"title_position\":\"top-left\",\"title_rotation\":\"left\",\"vertical_align\":\"middle\",\"width\":\"large\"},\"children\":[{\"type\":\"row\",\"children\":[{\"type\":\"column\",\"props\":{\"image_position\":\"center-center\",\"position_sticky_breakpoint\":\"m\"},\"children\":[{\"type\":\"headline\",\"props\":{\"content\":\"ADAMPOL\",\"margin\":\"small\",\"title_color\":\"secondary\",\"title_element\":\"h2\",\"title_style\":\"h5\"},\"name\":\"sub-head\"},{\"type\":\"headline\",\"props\":{\"content\":\"Pieejam\\u0101s apm\\u0101c\\u012bbas un kursi\",\"margin\":\"small\",\"title_element\":\"h3\",\"title_style\":\"heading-medium\"},\"name\":\"heading-medium\"}]}]},{\"type\":\"row\",\"props\":{\"width\":\"xlarge\"},\"children\":[{\"type\":\"column\",\"props\":{\"image_position\":\"center-center\",\"position_sticky_breakpoint\":\"m\"},\"children\":[{\"type\":\"gallery\",\"props\":{\"filter_align\":\"left\",\"filter_all\":true,\"filter_grid_breakpoint\":\"m\",\"filter_grid_width\":\"auto\",\"filter_position\":\"top\",\"filter_style\":\"tab\",\"grid_default\":\"1\",\"grid_medium\":\"3\",\"image_border\":\"rounded\",\"image_height\":600,\"image_width\":800,\"item_animation\":true,\"lightbox_bg_close\":true,\"link_style\":\"default\",\"link_text\":\"\",\"margin\":\"default\",\"meta_align\":\"below-title\",\"meta_element\":\"div\",\"meta_style\":\"text-meta\",\"overlay_hover\":true,\"overlay_link\":true,\"overlay_mode\":\"cover\",\"overlay_position\":\"bottom-left\",\"overlay_style\":\"overlay-primary\",\"overlay_transition\":\"fade\",\"overlay_transition_background\":true,\"show_content\":true,\"show_hover_image\":true,\"show_hover_video\":true,\"show_link\":true,\"show_meta\":true,\"show_title\":true,\"text_align\":\"\",\"text_color\":\"light\",\"title_element\":\"h3\",\"title_hover_style\":\"reset\"},\"children\":[{\"type\":\"gallery_item\",\"props\":{\"media_overlay\":\"rgba(0, 0, 0, 0.28)\"},\"source\":{\"query\":{\"name\":\"coursess.customCoursess\",\"arguments\":{\"terms\":[],\"course_category_operator\":\"IN\",\"course_tag_operator\":\"IN\",\"users\":[],\"users_operator\":\"IN\",\"offset\":0,\"limit\":10,\"order\":\"date\",\"order_direction\":\"DESC\"}},\"props\":{\"title\":{\"name\":\"title\"},\"link\":{\"name\":\"link\"},\"image\":{\"name\":\"featuredImage.url\"}}}}]},{\"type\":\"html\",\"props\":{\"content\":\"[tutor_course  orderby=\\\"ID\\\" order=\\\"desc\\\" count=\\\"3\\\" column_per_row='3'\\ncourse_filter='off' show_pagination='on']\",\"status\":\"disabled\"}}]}]},{\"type\":\"row\",\"props\":{\"layout\":\"1-2,1-2\",\"status\":\"disabled\"},\"children\":[{\"type\":\"column\",\"props\":{\"image_position\":\"center-center\",\"position_sticky_breakpoint\":\"m\",\"width_medium\":\"1-2\"},\"children\":[{\"type\":\"gallery\",\"props\":{\"class\":\"grid-stories gal-m-one\",\"content_margin\":\"small\",\"css\":\".el-content { color:#fff;}\",\"filter_align\":\"left\",\"filter_all\":true,\"filter_grid_breakpoint\":\"m\",\"filter_grid_width\":\"auto\",\"filter_position\":\"top\",\"filter_style\":\"tab\",\"grid_default\":\"1\",\"grid_medium\":\"1\",\"image_height\":\"680\",\"image_transition\":\"scale-up\",\"image_width\":\"680\",\"item_animation\":true,\"lightbox_bg_close\":true,\"link_margin\":\"remove\",\"link_style\":\"link-text\",\"link_text\":\"<span uk-icon=\\\"icon: arrow-right\\\"><\\\/span>\",\"margin\":\"default\",\"meta_align\":\"above-title\",\"meta_color\":\"success\",\"meta_element\":\"div\",\"meta_margin\":\"small\",\"meta_style\":\"h5\",\"overlay_hover\":false,\"overlay_link\":true,\"overlay_mode\":\"cover\",\"overlay_position\":\"bottom-left\",\"overlay_style\":\"overlay-primary\",\"overlay_transition\":\"fade\",\"show_content\":true,\"show_hover_image\":true,\"show_hover_video\":true,\"show_link\":true,\"show_meta\":true,\"show_title\":true,\"text_align\":\"\",\"text_color\":\"light\",\"title_element\":\"h3\",\"title_hover_style\":\"reset\",\"title_margin\":\"small\",\"title_style\":\"h2\"},\"children\":[{\"type\":\"gallery_item\",\"props\":{\"content\":\"\n\n<p>Je\\u017celi Twoja firma przewozi auta pod spedycj\\u0105 Adampol S.A. lub udost\\u0119pnisz nam swoje dane transportowe, oferujemy profesjonalne analizy szkodowo\\u015bci i pracy na placach Twoich kierowc\\u00f3w.<\\\/p>\\n\n\n<p>Je\\u015bli natomiast jeste\\u015b m\\u0142odym w\\u0142a\\u015bcicielem firmy transportowej mo\\u017cesz wzi\\u0105\\u0107 udzia\\u0142 w szkoleniu dla przedsi\\u0119biorc\\u00f3w, prowadz\\u0105cych biznes zwi\\u0105zany z przewozem samochod\\u00f3w osobowych.<\\\/p>\",\"image\":\"wp-content\\\/uploads\\\/2020\\\/02\\\/szkolenie-przy-ciezarowce.jpg\",\"image_alt\":\"Do\\u0142\\u0105cz od nas \",\"link\":\"szkolenia-dla-firm\\\/\",\"meta\":\"Zaufaj nam\",\"title\":\"Szkolenia dla firm\"}}]}]},{\"type\":\"column\",\"props\":{\"image_position\":\"center-center\",\"position_sticky_breakpoint\":\"m\",\"width_medium\":\"1-2\"},\"children\":[{\"type\":\"gallery\",\"props\":{\"class\":\"grid-stories gal-m-two\",\"filter_align\":\"left\",\"filter_all\":true,\"filter_grid_breakpoint\":\"m\",\"filter_grid_width\":\"auto\",\"filter_position\":\"top\",\"filter_style\":\"tab\",\"grid_default\":\"1\",\"grid_medium\":\"1\",\"image_height\":\"320\",\"image_transition\":\"scale-up\",\"image_width\":\"680\",\"item_animation\":true,\"lightbox_bg_close\":true,\"link_margin\":\"remove\",\"link_style\":\"link-text\",\"link_text\":\"<span uk-icon=\\\"icon: arrow-right\\\"><\\\/span>\",\"margin\":\"default\",\"meta_align\":\"above-title\",\"meta_color\":\"success\",\"meta_element\":\"div\",\"meta_margin\":\"small\",\"meta_style\":\"h5\",\"overlay_hover\":false,\"overlay_link\":true,\"overlay_mode\":\"cover\",\"overlay_position\":\"bottom-left\",\"overlay_style\":\"overlay-primary\",\"overlay_transition\":\"fade\",\"show_content\":true,\"show_hover_image\":true,\"show_hover_video\":true,\"show_link\":true,\"show_meta\":true,\"show_title\":true,\"text_align\":\"\",\"text_color\":\"light\",\"title_element\":\"h3\",\"title_hover_style\":\"reset\",\"title_margin\":\"small\",\"title_style\":\"h2\"},\"children\":[{\"type\":\"gallery_item\",\"props\":{\"content\":\"\",\"image\":\"wp-content\\\/uploads\\\/2020\\\/01\\\/kadra-szkoleniowa-adampol.jpg\",\"image_alt\":\"Kadra szkoleniowa\",\"link\":\"o-nas\\\/\",\"meta\":\"Szkolenia Adampol\",\"title\":\"Zaufaj naszej do\\u015bwiadczonej i wykwalifikowanej kadrze szkoleniowej\"}},{\"type\":\"gallery_item\",\"props\":{\"content\":\"\",\"image\":\"https:\\\/\\\/www.adampolsa.com.pl\\\/wp-content\\\/uploads\\\/2023\\\/12\\\/1-16.jpg\",\"image_alt\":\"Szkolenia kierowc\\u00f3w\",\"link\":\"o-nas\\\/#jak-szkolimy\",\"meta\":\"Szkolenia kierowc\\u00f3w\",\"title\":\"Zobacz jak szkolimy\"}}]}]}]}]},{\"type\":\"section\",\"props\":{\"image_position\":\"center-center\",\"image_size\":\"cover\",\"media_background\":\"#27304A\",\"media_overlay\":\"rgba(39, 48, 74, 0.19)\",\"media_overlay_gradient\":\"linear-gradient(0deg, #27304A 0%, rgba(39, 48, 74, 0.00) 100%);\",\"padding\":\"xlarge\",\"padding_remove_top\":false,\"style\":\"primary\",\"title_breakpoint\":\"xl\",\"title_position\":\"top-left\",\"title_rotation\":\"left\",\"vertical_align\":\"bottom\",\"video\":\"https:\\\/\\\/www.adampolsa.com.pl\\\/wp-content\\\/uploads\\\/2023\\\/12\\\/comp-1.mp4\",\"width\":\"large\"},\"children\":[{\"type\":\"row\",\"children\":[{\"type\":\"column\",\"props\":{\"image_position\":\"center-center\",\"position_sticky_breakpoint\":\"m\"},\"children\":[{\"type\":\"headline\",\"props\":{\"animation\":\"parallax\",\"block_align\":\"center\",\"content\":\"Automa\\u0161\\u012bnu transport\\u0113\\u0161ana ir sare\\u017e\\u0123\\u012bts process. Neapm\\u0101c\\u012bts autovad\\u012bt\\u0101js jau pa\\u0161\\u0101 s\\u0101kum\\u0101 rada probl\\u0113mas un lielas izmaksas.\",\"maxwidth\":\"2xlarge\",\"parallax_easing\":\"0.3\",\"parallax_opacity\":\"0 15%,1 60%\",\"parallax_scale\":\"0.8 15%,1.2 60%\",\"text_align\":\"center\",\"title_element\":\"h4\",\"title_style\":\"heading-medium\"}},{\"type\":\"button\",\"props\":{\"animation\":\"parallax\",\"button_size\":\"large\",\"grid_column_gap\":\"small\",\"grid_row_gap\":\"small\",\"margin\":\"large\",\"parallax_easing\":\"-0.3\",\"parallax_opacity\":\"0 40%,1 65%\",\"parallax_scale\":\"0.8 40%,1 65%\",\"text_align\":\"center\"},\"children\":[{\"type\":\"button_item\",\"props\":{\"button_style\":\"secondary\",\"content\":\"Visi kursi\",\"dialog_layout\":\"modal\",\"dialog_offcanvas_flip\":true,\"icon\":\"arrow-right\",\"icon_align\":\"right\",\"link\":\"\\\/lv\\\/courses\\\/hyundai-iekrausanas-laukuma-nosovice-un-kia-iekrausanas-laukuma-zilina-drosibas-noteikumi\\\/\"}}]}]}]}],\"name\":\"sekcja-cta-1-video\"}],\"version\":\"4.5.17\"} --><\/p>\n","protected":false},"excerpt":{"rendered":"<p>Autovad\u012bt\u0101ju apm\u0101c\u012bba Visaptvero\u0161as p\u0101rvad\u0101\u0161anas apm\u0101c\u012bbas uz\u0146\u0113mumiem, kas sadarbojas ar Adampol SA Apm\u0101c\u012bbu katalogs Adampol Atra\u0161an\u0101s vietas Visas atra\u0161an\u0101s vietas ADAMPOL Pieejam\u0101s apm\u0101c\u012bbas un kursi Automa\u0161\u012bnu transport\u0113\u0161ana ir sare\u017e\u0123\u012bts process. Neapm\u0101c\u012bts autovad\u012bt\u0101js jau pa\u0161\u0101 s\u0101kum\u0101 rada probl\u0113mas un lielas izmaksas. Visi kursi<\/p>\n","protected":false},"author":1,"featured_media":0,"parent":0,"menu_order":0,"comment_status":"closed","ping_status":"closed","template":"","meta":{"footnotes":""},"class_list":["post-1672","page","type-page","status-publish","hentry"],"_links":{"self":[{"href":"https:\/\/glovisadampol.com\/lv\/wp-json\/wp\/v2\/pages\/1672","targetHints":{"allow":["GET"]}}],"collection":[{"href":"https:\/\/glovisadampol.com\/lv\/wp-json\/wp\/v2\/pages"}],"about":[{"href":"https:\/\/glovisadampol.com\/lv\/wp-json\/wp\/v2\/types\/page"}],"author":[{"embeddable":true,"href":"https:\/\/glovisadampol.com\/lv\/wp-json\/wp\/v2\/users\/1"}],"replies":[{"embeddable":true,"href":"https:\/\/glovisadampol.com\/lv\/wp-json\/wp\/v2\/comments?post=1672"}],"version-history":[{"count":10,"href":"https:\/\/glovisadampol.com\/lv\/wp-json\/wp\/v2\/pages\/1672\/revisions"}],"predecessor-version":[{"id":2557,"href":"https:\/\/glovisadampol.com\/lv\/wp-json\/wp\/v2\/pages\/1672\/revisions\/2557"}],"wp:attachment":[{"href":"https:\/\/glovisadampol.com\/lv\/wp-json\/wp\/v2\/media?parent=1672"}],"curies":[{"name":"wp","href":"https:\/\/api.w.org\/{rel}","templated":true}]}}